{"id":32,"date":"2024-08-18T18:07:46","date_gmt":"2024-08-18T16:07:46","guid":{"rendered":"http:\/\/www.fassel.fr\/?page_id=32"},"modified":"2024-09-05T09:40:39","modified_gmt":"2024-09-05T07:40:39","slug":"","status":"publish","type":"page","link":"http:\/\/www.fassel.fr\/de\/gite-marguerite\/","title":{"rendered":"G\u00eete Marguerite en DE","raw":"G\u00eete Marguerite en DE"},"content":{"rendered":"\n<p>G\u00eete Marguerite en DE<\/p>\n","protected":false,"raw":"<!-- wp:paragraph -->\n<p>G\u00eete Marguerite en DE<\/p>\n<!-- \/wp:paragraph -->"},"excerpt":{"rendered":"","protected":false,"raw":""},"author":1,"featured_media":0,"parent":0,"menu_order":0,"comment_status":"closed","ping_status":"closed","template":"","meta":{"_fr_post_content":"<!-- wp:paragraph -->\n<p>Notre g\u00eete Marguerite d'une surface de   .. m2 se compose de 2 chambres...<\/p>\n<!-- \/wp:paragraph -->\n\n<!-- wp:image {\"id\":141,\"sizeSlug\":\"full\",\"linkDestination\":\"none\"} -->\n<figure class=\"wp-block-image size-full\"><img src=\"http:\/\/www.fassel.fr\/wp-content\/uploads\/2024\/09\/Marguerite-cuisine-rotated.jpg\" alt=\"\" class=\"wp-image-141\"\/><\/figure>\n<!-- \/wp:image -->\n\n<!-- wp:paragraph -->\n<p>Une cuisine \u00e9quip\u00e9e pour un petit d\u00e9jeuner convivial \u00e0 l'int\u00e9rieur ou \u00e0 l'ext\u00e9rieur sur une terrasse. <\/p>\n<!-- \/wp:paragraph -->\n\n<!-- wp:image {\"id\":142,\"sizeSlug\":\"full\",\"linkDestination\":\"none\"} -->\n<figure class=\"wp-block-image size-full\"><img src=\"http:\/\/www.fassel.fr\/wp-content\/uploads\/2024\/09\/Marguerite-terasse.jpg\" alt=\"\" class=\"wp-image-142\"\/><\/figure>\n<!-- \/wp:image -->","_fr_post_name":"gite-marguerite","_fr_post_excerpt":"","_fr_post_title":"G\u00eete Marguerite","_en_post_content":"<!-- wp:paragraph -->\n<p>G\u00eete Marguerite UK<\/p>\n<!-- \/wp:paragraph -->","_en_post_name":"","_en_post_excerpt":"","_en_post_title":"G\u00eete Marguerite en UK","_de_post_content":"<!-- wp:paragraph -->\n<p>G\u00eete Marguerite en DE<\/p>\n<!-- \/wp:paragraph -->","_de_post_name":"","_de_post_excerpt":"","_de_post_title":"G\u00eete Marguerite en DE","edit_language":"de","footnotes":""},"class_list":["post-32","page","type-page","status-publish","hentry"],"_links":{"self":[{"href":"http:\/\/www.fassel.fr\/de\/wp-json\/wp\/v2\/pages\/32","targetHints":{"allow":["GET"]}}],"collection":[{"href":"http:\/\/www.fassel.fr\/de\/wp-json\/wp\/v2\/pages"}],"about":[{"href":"http:\/\/www.fassel.fr\/de\/wp-json\/wp\/v2\/types\/page"}],"author":[{"embeddable":true,"href":"http:\/\/www.fassel.fr\/de\/wp-json\/wp\/v2\/users\/1"}],"replies":[{"embeddable":true,"href":"http:\/\/www.fassel.fr\/de\/wp-json\/wp\/v2\/comments?post=32"}],"version-history":[{"count":4,"href":"http:\/\/www.fassel.fr\/de\/wp-json\/wp\/v2\/pages\/32\/revisions"}],"predecessor-version":[{"id":143,"href":"http:\/\/www.fassel.fr\/de\/wp-json\/wp\/v2\/pages\/32\/revisions\/143"}],"wp:attachment":[{"href":"http:\/\/www.fassel.fr\/de\/wp-json\/wp\/v2\/media?parent=32"}],"curies":[{"name":"wp","href":"https:\/\/api.w.org\/{rel}","templated":true}]}}