{"id":38,"date":"2024-08-18T18:12:46","date_gmt":"2024-08-18T16:12:46","guid":{"rendered":"http:\/\/www.fassel.fr\/?page_id=38"},"modified":"2024-09-03T10:01:17","modified_gmt":"2024-09-03T08:01:17","slug":"accueil","status":"publish","type":"page","link":"http:\/\/www.fassel.fr\/fr\/","title":{"rendered":"Accueil"},"content":{"rendered":"\n<p class=\"has-text-align-center\">Bienvenue \u00e0 la Bourgonde, nous vous proposons un h\u00e9bergement dans la nature.<\/p>\n\n\n<div class=\"wp-block-image\">\n<figure class=\"aligncenter size-full\"><img loading=\"lazy\" decoding=\"async\" width=\"640\" height=\"480\" src=\"http:\/\/www.fassel.fr\/wp-content\/uploads\/2024\/08\/image4.jpg\" alt=\"\" class=\"wp-image-107\" srcset=\"http:\/\/www.fassel.fr\/wp-content\/uploads\/2024\/08\/image4.jpg 640w, http:\/\/www.fassel.fr\/wp-content\/uploads\/2024\/08\/image4-300x225.jpg 300w\" sizes=\"auto, (max-width: 640px) 100vw, 640px\" \/><\/figure>\n<\/div>\n\n\n<p class=\"has-text-align-center\">Dans un cadre charmant en plein nature<\/p>\n\n\n<div class=\"wp-block-image\">\n<figure class=\"aligncenter size-full\"><img loading=\"lazy\" decoding=\"async\" width=\"480\" height=\"640\" src=\"http:\/\/www.fassel.fr\/wp-content\/uploads\/2024\/08\/image5-rotated.jpg\" alt=\"\" class=\"wp-image-109\" srcset=\"http:\/\/www.fassel.fr\/wp-content\/uploads\/2024\/08\/image5-rotated.jpg 480w, http:\/\/www.fassel.fr\/wp-content\/uploads\/2024\/08\/image5-225x300.jpg 225w\" sizes=\"auto, (max-width: 480px) 100vw, 480px\" \/><\/figure>\n<\/div>\n\n\n<p> <\/p>\n\n\n\n<p class=\"has-text-align-center\">Les biches et cerfs sont visible \u00e0 la saison du brame mais  aussi tout au long de l&rsquo;ann\u00e9e&#8230;<\/p>\n\n\n\n<p class=\"has-text-align-center\">et aussi d&rsquo;autres animaux.<\/p>\n\n\n\n<figure class=\"wp-block-gallery has-nested-images columns-default is-cropped wp-block-gallery-2 is-layout-flex wp-block-gallery-is-layout-flex\">\n<figure class=\"wp-block-image size-large is-style-rounded wp-duotone-unset-1\"><img loading=\"lazy\" decoding=\"async\" width=\"480\" height=\"640\" data-id=\"130\" src=\"http:\/\/www.fassel.fr\/wp-content\/uploads\/2024\/09\/Canards-rotated.jpg\" alt=\"\" class=\"wp-image-130\" srcset=\"http:\/\/www.fassel.fr\/wp-content\/uploads\/2024\/09\/Canards-rotated.jpg 480w, http:\/\/www.fassel.fr\/wp-content\/uploads\/2024\/09\/Canards-225x300.jpg 225w\" sizes=\"auto, (max-width: 480px) 100vw, 480px\" \/><\/figure>\n\n\n\n<figure class=\"wp-block-image size-large is-style-rounded\"><a href=\"http:\/\/www.fassel.fr\/wp-content\/uploads\/2024\/09\/Vue-veau.jpg\"><img loading=\"lazy\" decoding=\"async\" width=\"640\" height=\"480\" data-id=\"129\" src=\"http:\/\/www.fassel.fr\/wp-content\/uploads\/2024\/09\/Vue-veau.jpg\" alt=\"\" class=\"wp-image-129\" srcset=\"http:\/\/www.fassel.fr\/wp-content\/uploads\/2024\/09\/Vue-veau.jpg 640w, http:\/\/www.fassel.fr\/wp-content\/uploads\/2024\/09\/Vue-veau-300x225.jpg 300w\" sizes=\"auto, (max-width: 640px) 100vw, 640px\" \/><\/a><\/figure>\n\n\n\n<figure class=\"wp-block-image size-large is-style-rounded\"><img loading=\"lazy\" decoding=\"async\" width=\"640\" height=\"480\" data-id=\"128\" src=\"http:\/\/www.fassel.fr\/wp-content\/uploads\/2024\/09\/Vue-biches.jpg\" alt=\"\" class=\"wp-image-128\" srcset=\"http:\/\/www.fassel.fr\/wp-content\/uploads\/2024\/09\/Vue-biches.jpg 640w, http:\/\/www.fassel.fr\/wp-content\/uploads\/2024\/09\/Vue-biches-300x225.jpg 300w\" sizes=\"auto, (max-width: 640px) 100vw, 640px\" \/><\/figure>\n<\/figure>\n","protected":false},"excerpt":{"rendered":"<p>Bienvenue \u00e0 la Bourgonde, nous vous proposons un h\u00e9bergement dans la nature. Dans un cadre charmant en plein nature Les biches et cerfs sont visible \u00e0 la saison du brame mais aussi tout au long de l&rsquo;ann\u00e9e&#8230; et aussi d&rsquo;autres animaux.<\/p>\n","protected":false},"author":1,"featured_media":0,"parent":0,"menu_order":0,"comment_status":"closed","ping_status":"closed","template":"","meta":{"_fr_post_content":"<!-- wp:paragraph {\"align\":\"center\"} -->\n<p class=\"has-text-align-center\">Bienvenue \u00e0 la Bourgonde, nous vous proposons un h\u00e9bergement dans la nature.<\/p>\n<!-- \/wp:paragraph -->\n\n<!-- wp:image {\"id\":107,\"sizeSlug\":\"full\",\"linkDestination\":\"none\",\"align\":\"center\"} -->\n<figure class=\"wp-block-image aligncenter size-full\"><img src=\"http:\/\/www.fassel.fr\/wp-content\/uploads\/2024\/08\/image4.jpg\" alt=\"\" class=\"wp-image-107\"\/><\/figure>\n<!-- \/wp:image -->\n\n<!-- wp:paragraph {\"align\":\"center\"} -->\n<p class=\"has-text-align-center\">Dans un cadre charmant en plein nature<\/p>\n<!-- \/wp:paragraph -->\n\n<!-- wp:image {\"id\":109,\"sizeSlug\":\"full\",\"linkDestination\":\"none\",\"align\":\"center\"} -->\n<figure class=\"wp-block-image aligncenter size-full\"><img src=\"http:\/\/www.fassel.fr\/wp-content\/uploads\/2024\/08\/image5-rotated.jpg\" alt=\"\" class=\"wp-image-109\"\/><\/figure>\n<!-- \/wp:image -->\n\n<!-- wp:paragraph -->\n<p> <\/p>\n<!-- \/wp:paragraph -->\n\n<!-- wp:paragraph {\"align\":\"center\"} -->\n<p class=\"has-text-align-center\">Les biches et cerfs sont visible \u00e0 la saison du brame mais  aussi tout au long de l'ann\u00e9e...<\/p>\n<!-- \/wp:paragraph -->\n\n<!-- wp:paragraph {\"align\":\"center\"} -->\n<p class=\"has-text-align-center\">et aussi d'autres animaux.<\/p>\n<!-- \/wp:paragraph -->\n\n<!-- wp:gallery {\"linkTo\":\"none\"} -->\n<figure class=\"wp-block-gallery has-nested-images columns-default is-cropped\"><!-- wp:image {\"id\":130,\"sizeSlug\":\"large\",\"linkDestination\":\"none\",\"className\":\"is-style-rounded\",\"style\":{\"color\":{\"duotone\":\"unset\"}}} -->\n<figure class=\"wp-block-image size-large is-style-rounded\"><img src=\"http:\/\/www.fassel.fr\/wp-content\/uploads\/2024\/09\/Canards-rotated.jpg\" alt=\"\" class=\"wp-image-130\"\/><\/figure>\n<!-- \/wp:image -->\n\n<!-- wp:image {\"id\":129,\"sizeSlug\":\"large\",\"linkDestination\":\"media\",\"className\":\"is-style-rounded\"} -->\n<figure class=\"wp-block-image size-large is-style-rounded\"><a href=\"http:\/\/www.fassel.fr\/wp-content\/uploads\/2024\/09\/Vue-veau.jpg\"><img src=\"http:\/\/www.fassel.fr\/wp-content\/uploads\/2024\/09\/Vue-veau.jpg\" alt=\"\" class=\"wp-image-129\"\/><\/a><\/figure>\n<!-- \/wp:image -->\n\n<!-- wp:image {\"id\":128,\"sizeSlug\":\"large\",\"linkDestination\":\"none\",\"className\":\"is-style-rounded\"} -->\n<figure class=\"wp-block-image size-large is-style-rounded\"><img src=\"http:\/\/www.fassel.fr\/wp-content\/uploads\/2024\/09\/Vue-biches.jpg\" alt=\"\" class=\"wp-image-128\"\/><\/figure>\n<!-- \/wp:image --><\/figure>\n<!-- \/wp:gallery -->","_fr_post_name":"accueil","_fr_post_excerpt":"","_fr_post_title":"Accueil","_en_post_content":"<!-- wp:paragraph -->\n<p>Bla bla en anglais<\/p>\n<!-- \/wp:paragraph -->","_en_post_name":"","_en_post_excerpt":"","_en_post_title":"Accueil en Anglais","_de_post_content":"<!-- wp:paragraph -->\n<p>bla bla en Allemand<\/p>\n<!-- \/wp:paragraph -->","_de_post_name":"","_de_post_excerpt":"","_de_post_title":"Accueil en Allemand","edit_language":"fr","footnotes":""},"class_list":["post-38","page","type-page","status-publish","hentry"],"_links":{"self":[{"href":"http:\/\/www.fassel.fr\/fr\/wp-json\/wp\/v2\/pages\/38","targetHints":{"allow":["GET"]}}],"collection":[{"href":"http:\/\/www.fassel.fr\/fr\/wp-json\/wp\/v2\/pages"}],"about":[{"href":"http:\/\/www.fassel.fr\/fr\/wp-json\/wp\/v2\/types\/page"}],"author":[{"embeddable":true,"href":"http:\/\/www.fassel.fr\/fr\/wp-json\/wp\/v2\/users\/1"}],"replies":[{"embeddable":true,"href":"http:\/\/www.fassel.fr\/fr\/wp-json\/wp\/v2\/comments?post=38"}],"version-history":[{"count":18,"href":"http:\/\/www.fassel.fr\/fr\/wp-json\/wp\/v2\/pages\/38\/revisions"}],"predecessor-version":[{"id":140,"href":"http:\/\/www.fassel.fr\/fr\/wp-json\/wp\/v2\/pages\/38\/revisions\/140"}],"wp:attachment":[{"href":"http:\/\/www.fassel.fr\/fr\/wp-json\/wp\/v2\/media?parent=38"}],"curies":[{"name":"wp","href":"https:\/\/api.w.org\/{rel}","templated":true}]}}